{"id":985,"date":"2024-06-03T10:00:59","date_gmt":"2024-06-03T08:00:59","guid":{"rendered":"https:\/\/alvsborgsfastning.webhorisont.se\/eintrittskarten\/"},"modified":"2025-06-11T15:48:29","modified_gmt":"2025-06-11T13:48:29","slug":"eintrittskarten","status":"publish","type":"page","link":"https:\/\/www.xn--lvsborgsfstning-zkbj.se\/de\/eintrittskarten\/","title":{"rendered":"Eintrittskarten"},"content":{"rendered":"\t\t<div data-elementor-type=\"wp-page\" data-elementor-id=\"985\" class=\"elementor elementor-985 elementor-635\" data-elementor-post-type=\"page\">\n\t\t\t\t<div class=\"elementor-element elementor-element-2438c67 e-flex e-con-boxed e-con e-parent\" data-id=\"2438c67\" data-element_type=\"container\" data-e-type=\"container\">\n\t\t\t\t\t<div class=\"e-con-inner\">\n\t\t\t\t<div class=\"elementor-element elementor-element-6445421 elementor-widget elementor-widget-heading\" data-id=\"6445421\" data-element_type=\"widget\" data-e-type=\"widget\" data-widget_type=\"heading.default\">\n\t\t\t\t<div class=\"elementor-widget-container\">\n\t\t\t\t\t<h1 class=\"elementor-heading-title elementor-size-default\">Eintrittskarten<\/h1>\t\t\t\t<\/div>\n\t\t\t\t<\/div>\n\t\t\t\t<div class=\"elementor-element elementor-element-14d996a elementor-widget elementor-widget-text-editor\" data-id=\"14d996a\" data-element_type=\"widget\" data-e-type=\"widget\" data-widget_type=\"text-editor.default\">\n\t\t\t\t<div class=\"elementor-widget-container\">\n\t\t\t\t\t\t\t\t\t<p>Die Neue Festung \u00c4lvsborg liegt auf einer Insel in der Hafeneinfahrt von G\u00f6teborg und kann mit jeder der angeschlossenen F\u00e4hren erreicht werden. Die Bootsfahrt selbst ist ein Erlebnis mit atemberaubenden Ausblicken auf die Stadt und den Archipel. Bootsfahrten zur Neuen Festung \u00c4lvsborg werden von Juni bis September angeboten.<\/p>\n\t\t\t\t\t\t\t\t<\/div>\n\t\t\t\t<\/div>\n\t\t\t\t\t<\/div>\n\t\t\t\t<\/div>\n\t\t<div class=\"elementor-element elementor-element-3d47371 e-flex e-con-boxed e-con e-parent\" data-id=\"3d47371\" data-element_type=\"container\" data-e-type=\"container\" data-settings=\"{&quot;background_background&quot;:&quot;classic&quot;}\">\n\t\t\t\t\t<div class=\"e-con-inner\">\n\t\t<div class=\"elementor-element elementor-element-88c3359 e-con-full e-flex e-con e-child\" data-id=\"88c3359\" data-element_type=\"container\" data-e-type=\"container\" data-settings=\"{&quot;background_background&quot;:&quot;classic&quot;}\">\n\t\t\t\t<div class=\"elementor-element elementor-element-776fbc7 elementor-hidden-desktop elementor-hidden-tablet elementor-widget elementor-widget-image\" data-id=\"776fbc7\" data-element_type=\"widget\" data-e-type=\"widget\" data-widget_type=\"image.default\">\n\t\t\t\t<div class=\"elementor-widget-container\">\n\t\t\t\t\t\t\t\t\t\t\t\t\t\t\t<img fetchpriority=\"high\" decoding=\"async\" width=\"800\" height=\"418\" src=\"https:\/\/www.xn--lvsborgsfstning-zkbj.se\/wp-content\/uploads\/2024\/06\/lg_2023_05_16_stromma_57c348448f.jpg\" class=\"attachment-large size-large wp-image-919\" alt=\"\" srcset=\"https:\/\/www.xn--lvsborgsfstning-zkbj.se\/wp-content\/uploads\/2024\/06\/lg_2023_05_16_stromma_57c348448f.jpg 1000w, https:\/\/www.xn--lvsborgsfstning-zkbj.se\/wp-content\/uploads\/2024\/06\/lg_2023_05_16_stromma_57c348448f-300x157.jpg 300w, https:\/\/www.xn--lvsborgsfstning-zkbj.se\/wp-content\/uploads\/2024\/06\/lg_2023_05_16_stromma_57c348448f-768x402.jpg 768w\" sizes=\"(max-width: 800px) 100vw, 800px\" \/>\t\t\t\t\t\t\t\t\t\t\t\t\t\t\t<\/div>\n\t\t\t\t<\/div>\n\t\t\t\t<\/div>\n\t\t<div class=\"elementor-element elementor-element-d9e0615 e-con-full e-flex e-con e-child\" data-id=\"d9e0615\" data-element_type=\"container\" data-e-type=\"container\">\n\t\t\t\t<div class=\"elementor-element elementor-element-fd4b223 elementor-widget elementor-widget-heading\" data-id=\"fd4b223\" data-element_type=\"widget\" data-e-type=\"widget\" data-widget_type=\"heading.default\">\n\t\t\t\t<div class=\"elementor-widget-container\">\n\t\t\t\t\t<h2 class=\"elementor-heading-title elementor-size-default\">Aktuell<\/h2>\t\t\t\t<\/div>\n\t\t\t\t<\/div>\n\t\t\t\t<div class=\"elementor-element elementor-element-8652c94 elementor-widget elementor-widget-text-editor\" data-id=\"8652c94\" data-element_type=\"widget\" data-e-type=\"widget\" data-widget_type=\"text-editor.default\">\n\t\t\t\t<div class=\"elementor-widget-container\">\n\t\t\t\t\t\t\t\t\t<p>Abfahrten von Lilla Bommen (ca. 45 Minuten mit dem Boot).<\/p>\n<p><em>Der Eintritt zur Festung \u00c4lvsborg ist im Preis inbegriffen.<\/em><\/p>\n<ul>\n<li>Erwachsene 295:-<\/li>\n<li>Kinder (6-15 Jahre) 148:-<\/li>\n<li>Kinder (0-5 Jahre) Frei<\/li>\n<\/ul>\n\t\t\t\t\t\t\t\t<\/div>\n\t\t\t\t<\/div>\n\t\t\t\t<div class=\"elementor-element elementor-element-c47aa77 elementor-widget elementor-widget-button\" data-id=\"c47aa77\" data-element_type=\"widget\" data-e-type=\"widget\" data-widget_type=\"button.default\">\n\t\t\t\t<div class=\"elementor-widget-container\">\n\t\t\t\t\t\t\t\t\t<div class=\"elementor-button-wrapper\">\n\t\t\t\t\t<a class=\"elementor-button elementor-button-link elementor-size-sm\" href=\"https:\/\/www.stromma.com\/de-se\/gothenburg\/excursions\/alvsborg-fortress\/\" target=\"_blank\" rel=\"noopener\">\n\t\t\t\t\t\t<span class=\"elementor-button-content-wrapper\">\n\t\t\t\t\t\t<span class=\"elementor-button-icon\">\n\t\t\t\t<svg aria-hidden=\"true\" class=\"e-font-icon-svg e-fas-arrow-right\" viewBox=\"0 0 448 512\" xmlns=\"http:\/\/www.w3.org\/2000\/svg\"><path d=\"M190.5 66.9l22.2-22.2c9.4-9.4 24.6-9.4 33.9 0L441 239c9.4 9.4 9.4 24.6 0 33.9L246.6 467.3c-9.4 9.4-24.6 9.4-33.9 0l-22.2-22.2c-9.5-9.5-9.3-25 .4-34.3L311.4 296H24c-13.3 0-24-10.7-24-24v-32c0-13.3 10.7-24 24-24h287.4L190.9 101.2c-9.8-9.3-10-24.8-.4-34.3z\"><\/path><\/svg>\t\t\t<\/span>\n\t\t\t\t\t\t\t\t\t<span class=\"elementor-button-text\">Siehe Fahrplan und buchen Sie Ihr Bootsticket<\/span>\n\t\t\t\t\t<\/span>\n\t\t\t\t\t<\/a>\n\t\t\t\t<\/div>\n\t\t\t\t\t\t\t\t<\/div>\n\t\t\t\t<\/div>\n\t\t\t\t<div class=\"elementor-element elementor-element-ac8bdf9 elementor-widget elementor-widget-heading\" data-id=\"ac8bdf9\" data-element_type=\"widget\" data-e-type=\"widget\" data-widget_type=\"heading.default\">\n\t\t\t\t<div class=\"elementor-widget-container\">\n\t\t\t\t\t<h2 class=\"elementor-heading-title elementor-size-default\">Styrs\u00f6 Unternehmen<\/h2>\t\t\t\t<\/div>\n\t\t\t\t<\/div>\n\t\t\t\t<div class=\"elementor-element elementor-element-e6dd8a8 elementor-widget elementor-widget-text-editor\" data-id=\"e6dd8a8\" data-element_type=\"widget\" data-e-type=\"widget\" data-widget_type=\"text-editor.default\">\n\t\t\t\t<div class=\"elementor-widget-container\">\n\t\t\t\t\t\t\t\t\t<p>Abfahrten von Stenpiren, Eriksberg und H\u00f6n\u00f6 (ca. 30 Minuten mit dem Boot).<\/p>\n<p><em>Der Eintritt zur Festung \u00c4lvsborg kostet extra:<\/em><\/p>\n<ul>\n<li>Erwachsener 100:-<\/li>\n<li>Kinder 6-15 Jahre 50:-<\/li>\n<li>Kinder 0-5 kostenlos.<\/li>\n<\/ul>\n\t\t\t\t\t\t\t\t<\/div>\n\t\t\t\t<\/div>\n\t\t\t\t<div class=\"elementor-element elementor-element-dfa83e5 elementor-widget elementor-widget-button\" data-id=\"dfa83e5\" data-element_type=\"widget\" data-e-type=\"widget\" data-widget_type=\"button.default\">\n\t\t\t\t<div class=\"elementor-widget-container\">\n\t\t\t\t\t\t\t\t\t<div class=\"elementor-button-wrapper\">\n\t\t\t\t\t<a class=\"elementor-button elementor-button-link elementor-size-sm\" href=\"https:\/\/styrsobolaget.se\/linjer-och-tidtabeller-for-styrsobolagets-batresor\/\" target=\"_blank\" rel=\"noopener\">\n\t\t\t\t\t\t<span class=\"elementor-button-content-wrapper\">\n\t\t\t\t\t\t<span class=\"elementor-button-icon\">\n\t\t\t\t<svg aria-hidden=\"true\" class=\"e-font-icon-svg e-fas-arrow-right\" viewBox=\"0 0 448 512\" xmlns=\"http:\/\/www.w3.org\/2000\/svg\"><path d=\"M190.5 66.9l22.2-22.2c9.4-9.4 24.6-9.4 33.9 0L441 239c9.4 9.4 9.4 24.6 0 33.9L246.6 467.3c-9.4 9.4-24.6 9.4-33.9 0l-22.2-22.2c-9.5-9.5-9.3-25 .4-34.3L311.4 296H24c-13.3 0-24-10.7-24-24v-32c0-13.3 10.7-24 24-24h287.4L190.9 101.2c-9.8-9.3-10-24.8-.4-34.3z\"><\/path><\/svg>\t\t\t<\/span>\n\t\t\t\t\t\t\t\t\t<span class=\"elementor-button-text\">Siehe Fahrplan und buchen Sie Ihr Bootsticket<\/span>\n\t\t\t\t\t<\/span>\n\t\t\t\t\t<\/a>\n\t\t\t\t<\/div>\n\t\t\t\t\t\t\t\t<\/div>\n\t\t\t\t<\/div>\n\t\t\t\t<\/div>\n\t\t\t\t\t<\/div>\n\t\t\t\t<\/div>\n\t\t<div class=\"elementor-element elementor-element-6abc5e2 e-flex e-con-boxed e-con e-parent\" data-id=\"6abc5e2\" data-element_type=\"container\" data-e-type=\"container\">\n\t\t\t\t\t<div class=\"e-con-inner\">\n\t\t\t\t<div class=\"elementor-element elementor-element-4b4a074 elementor-widget elementor-widget-heading\" data-id=\"4b4a074\" data-element_type=\"widget\" data-e-type=\"widget\" data-widget_type=\"heading.default\">\n\t\t\t\t<div class=\"elementor-widget-container\">\n\t\t\t\t\t<h2 class=\"elementor-heading-title elementor-size-default\">H\u00e4ufig gestellte Fragen<\/h2>\t\t\t\t<\/div>\n\t\t\t\t<\/div>\n\t\t\t\t<div class=\"elementor-element elementor-element-9b15820 elementor-widget elementor-widget-text-editor\" data-id=\"9b15820\" data-element_type=\"widget\" data-e-type=\"widget\" data-widget_type=\"text-editor.default\">\n\t\t\t\t<div class=\"elementor-widget-container\">\n\t\t\t\t\t\t\t\t\t<p>Nachstehend finden Sie Antworten auf die am h\u00e4ufigsten gestellten Fragen zu Tickets und F\u00e4hren. Bitte z\u00f6gern Sie nicht, uns zu kontaktieren, wenn Sie weitere Fragen haben.<\/p>\n\t\t\t\t\t\t\t\t<\/div>\n\t\t\t\t<\/div>\n\t\t\t\t<div class=\"elementor-element elementor-element-5664eee elementor-widget__width-initial elementor-widget elementor-widget-toggle\" data-id=\"5664eee\" data-element_type=\"widget\" data-e-type=\"widget\" data-widget_type=\"toggle.default\">\n\t\t\t\t<div class=\"elementor-widget-container\">\n\t\t\t\t\t\t\t<div class=\"elementor-toggle\">\n\t\t\t\t\t\t\t<div class=\"elementor-toggle-item\">\n\t\t\t\t\t<div id=\"elementor-tab-title-9051\" class=\"elementor-tab-title\" data-tab=\"1\" role=\"button\" aria-controls=\"elementor-tab-content-9051\" aria-expanded=\"false\">\n\t\t\t\t\t\t\t\t\t\t\t\t<span class=\"elementor-toggle-icon elementor-toggle-icon-left\" aria-hidden=\"true\">\n\t\t\t\t\t\t\t\t\t\t\t\t\t\t\t<span class=\"elementor-toggle-icon-closed\"><svg class=\"e-font-icon-svg e-fas-caret-right\" viewBox=\"0 0 192 512\" xmlns=\"http:\/\/www.w3.org\/2000\/svg\"><path d=\"M0 384.662V127.338c0-17.818 21.543-26.741 34.142-14.142l128.662 128.662c7.81 7.81 7.81 20.474 0 28.284L34.142 398.804C21.543 411.404 0 402.48 0 384.662z\"><\/path><\/svg><\/span>\n\t\t\t\t\t\t\t\t<span class=\"elementor-toggle-icon-opened\"><svg class=\"elementor-toggle-icon-opened e-font-icon-svg e-fas-caret-up\" viewBox=\"0 0 320 512\" xmlns=\"http:\/\/www.w3.org\/2000\/svg\"><path d=\"M288.662 352H31.338c-17.818 0-26.741-21.543-14.142-34.142l128.662-128.662c7.81-7.81 20.474-7.81 28.284 0l128.662 128.662c12.6 12.599 3.676 34.142-14.142 34.142z\"><\/path><\/svg><\/span>\n\t\t\t\t\t\t\t\t\t\t\t\t\t<\/span>\n\t\t\t\t\t\t\t\t\t\t\t\t<a class=\"elementor-toggle-title\" tabindex=\"0\">Was ist im Preis des F\u00e4hrtickets enthalten?<\/a>\n\t\t\t\t\t<\/div>\n\n\t\t\t\t\t<div id=\"elementor-tab-content-9051\" class=\"elementor-tab-content elementor-clearfix\" data-tab=\"1\" role=\"region\" aria-labelledby=\"elementor-tab-title-9051\"><p>Der Preis beinhaltet eine Hin- und R\u00fcckfahrt zur Neuen Festung \u00c4lvsborg und den Eintritt in die Festung. Weitere Informationen zu den einzelnen F\u00e4hren erhalten Sie bei den jeweiligen F\u00e4hrgesellschaften.<\/p>\n<\/div>\n\t\t\t\t<\/div>\n\t\t\t\t\t\t\t\t\t\t<script type=\"application\/ld+json\">{\"@context\":\"https:\\\/\\\/schema.org\",\"@type\":\"FAQPage\",\"mainEntity\":[{\"@type\":\"Question\",\"name\":\"Was ist im Preis des F\\u00e4hrtickets enthalten?\",\"acceptedAnswer\":{\"@type\":\"Answer\",\"text\":\"<p>Der Preis beinhaltet eine Hin- und R\\u00fcckfahrt zur Neuen Festung \\u00c4lvsborg und den Eintritt in die Festung. Weitere Informationen zu den einzelnen F\\u00e4hren erhalten Sie bei den jeweiligen F\\u00e4hrgesellschaften.<\\\/p>\\n\"}}]}<\/script>\n\t\t\t\t\t<\/div>\n\t\t\t\t\t\t<\/div>\n\t\t\t\t<\/div>\n\t\t\t\t\t<\/div>\n\t\t\t\t<\/div>\n\t\t<div class=\"elementor-element elementor-element-827c3c7 e-flex e-con-boxed e-con e-parent\" data-id=\"827c3c7\" data-element_type=\"container\" data-e-type=\"container\">\n\t\t\t\t\t<div class=\"e-con-inner\">\n\t\t<div class=\"elementor-element elementor-element-f9cd438 e-con-full e-flex e-con e-child\" data-id=\"f9cd438\" data-element_type=\"container\" data-e-type=\"container\">\n\t\t\t\t<div class=\"elementor-element elementor-element-985ac9c elementor-widget elementor-widget-image\" data-id=\"985ac9c\" data-element_type=\"widget\" data-e-type=\"widget\" data-widget_type=\"image.default\">\n\t\t\t\t<div class=\"elementor-widget-container\">\n\t\t\t\t\t\t\t\t\t\t\t\t\t\t\t\t<a href=\"https:\/\/www.sfv.se\/\" target=\"_blank\" rel=\"noopener\">\n\t\t\t\t\t\t\t<img decoding=\"async\" width=\"47\" height=\"11\" src=\"https:\/\/www.xn--lvsborgsfstning-zkbj.se\/wp-content\/uploads\/2024\/05\/sfv.svg\" class=\"attachment-large size-large wp-image-885\" alt=\"\" \/>\t\t\t\t\t\t\t\t<\/a>\n\t\t\t\t\t\t\t\t\t\t\t\t\t\t\t<\/div>\n\t\t\t\t<\/div>\n\t\t\t\t<\/div>\n\t\t<div class=\"elementor-element elementor-element-86a8bbc e-con-full e-flex e-con e-child\" data-id=\"86a8bbc\" data-element_type=\"container\" data-e-type=\"container\">\n\t\t\t\t<div class=\"elementor-element elementor-element-74b1b4d elementor-widget elementor-widget-image\" data-id=\"74b1b4d\" data-element_type=\"widget\" data-e-type=\"widget\" data-widget_type=\"image.default\">\n\t\t\t\t<div class=\"elementor-widget-container\">\n\t\t\t\t\t\t\t\t\t\t\t\t\t\t\t\t<a href=\"https:\/\/www.tripadvisor.se\/Attraction_Review-g189894-d242789-Reviews-Alvsborgs_Nya_Fastning-Gothenburg_Vastra_Gotaland_County_West_Coast.html\" target=\"_blank\" rel=\"noopener\">\n\t\t\t\t\t\t\t<img decoding=\"async\" width=\"51\" height=\"11\" src=\"https:\/\/www.xn--lvsborgsfstning-zkbj.se\/wp-content\/uploads\/2024\/05\/tripadvisor.svg\" class=\"attachment-large size-large wp-image-883\" alt=\"\" \/>\t\t\t\t\t\t\t\t<\/a>\n\t\t\t\t\t\t\t\t\t\t\t\t\t\t\t<\/div>\n\t\t\t\t<\/div>\n\t\t\t\t<\/div>\n\t\t\t\t\t<\/div>\n\t\t\t\t<\/div>\n\t\t\t\t<\/div>\n\t\t","protected":false},"excerpt":{"rendered":"<p>Eintrittskarten Die Neue Festung \u00c4lvsborg liegt auf einer Insel in der Hafeneinfahrt von G\u00f6teborg und kann mit jeder der angeschlossenen F\u00e4hren erreicht werden. Die Bootsfahrt selbst ist ein Erlebnis mit atemberaubenden Ausblicken auf die Stadt und den Archipel. Bootsfahrten zur Neuen Festung \u00c4lvsborg werden von Juni bis September angeboten. Aktuell Abfahrten von Lilla Bommen (ca. [&hellip;]<\/p>\n","protected":false},"author":1,"featured_media":0,"parent":0,"menu_order":0,"comment_status":"closed","ping_status":"closed","template":"","meta":{"footnotes":""},"class_list":["post-985","page","type-page","status-publish","hentry"],"_links":{"self":[{"href":"https:\/\/www.xn--lvsborgsfstning-zkbj.se\/de\/wp-json\/wp\/v2\/pages\/985","targetHints":{"allow":["GET"]}}],"collection":[{"href":"https:\/\/www.xn--lvsborgsfstning-zkbj.se\/de\/wp-json\/wp\/v2\/pages"}],"about":[{"href":"https:\/\/www.xn--lvsborgsfstning-zkbj.se\/de\/wp-json\/wp\/v2\/types\/page"}],"author":[{"embeddable":true,"href":"https:\/\/www.xn--lvsborgsfstning-zkbj.se\/de\/wp-json\/wp\/v2\/users\/1"}],"replies":[{"embeddable":true,"href":"https:\/\/www.xn--lvsborgsfstning-zkbj.se\/de\/wp-json\/wp\/v2\/comments?post=985"}],"version-history":[{"count":3,"href":"https:\/\/www.xn--lvsborgsfstning-zkbj.se\/de\/wp-json\/wp\/v2\/pages\/985\/revisions"}],"predecessor-version":[{"id":1571,"href":"https:\/\/www.xn--lvsborgsfstning-zkbj.se\/de\/wp-json\/wp\/v2\/pages\/985\/revisions\/1571"}],"wp:attachment":[{"href":"https:\/\/www.xn--lvsborgsfstning-zkbj.se\/de\/wp-json\/wp\/v2\/media?parent=985"}],"curies":[{"name":"wp","href":"https:\/\/api.w.org\/{rel}","templated":true}]}}