{"id":982,"date":"2024-06-03T10:17:24","date_gmt":"2024-06-03T08:17:24","guid":{"rendered":"https:\/\/alvsborgsfastning.webhorisont.se\/kekse\/"},"modified":"2024-12-12T10:02:27","modified_gmt":"2024-12-12T09:02:27","slug":"cookie","status":"publish","type":"page","link":"https:\/\/www.xn--lvsborgsfstning-zkbj.se\/de\/cookie\/","title":{"rendered":"Kekse"},"content":{"rendered":"\t\t<div data-elementor-type=\"wp-page\" data-elementor-id=\"982\" class=\"elementor elementor-982 elementor-647\" data-elementor-post-type=\"page\">\n\t\t\t\t<div class=\"elementor-element elementor-element-ef9397d e-flex e-con-boxed e-con e-parent\" data-id=\"ef9397d\" data-element_type=\"container\" data-e-type=\"container\">\n\t\t\t\t\t<div class=\"e-con-inner\">\n\t\t\t\t<div class=\"elementor-element elementor-element-3c88ce3 elementor-widget elementor-widget-heading\" data-id=\"3c88ce3\" data-element_type=\"widget\" data-e-type=\"widget\" data-widget_type=\"heading.default\">\n\t\t\t\t<div class=\"elementor-widget-container\">\n\t\t\t\t\t<h1 class=\"elementor-heading-title elementor-size-default\">Cookie-Richtlinie<\/h1>\t\t\t\t<\/div>\n\t\t\t\t<\/div>\n\t\t\t\t<div class=\"elementor-element elementor-element-4e0ae53 elementor-widget elementor-widget-text-editor\" data-id=\"4e0ae53\" data-element_type=\"widget\" data-e-type=\"widget\" data-widget_type=\"text-editor.default\">\n\t\t\t\t<div class=\"elementor-widget-container\">\n\t\t\t\t\t\t\t\t\t<p>Wir verwenden Cookies auf unserer Website, um Ihr Benutzererlebnis zu verbessern. Wenn Sie unsere Website weiterhin nutzen, stimmen Sie der Verwendung von Cookies gem\u00e4\u00df dieser Cookie-Richtlinie zu.<\/p>\n\t\t\t\t\t\t\t\t<\/div>\n\t\t\t\t<\/div>\n\t\t\t\t<div class=\"elementor-element elementor-element-5e5b425 elementor-widget elementor-widget-heading\" data-id=\"5e5b425\" data-element_type=\"widget\" data-e-type=\"widget\" data-widget_type=\"heading.default\">\n\t\t\t\t<div class=\"elementor-widget-container\">\n\t\t\t\t\t<h2 class=\"elementor-heading-title elementor-size-default\">Was sind Cookies?<\/h2>\t\t\t\t<\/div>\n\t\t\t\t<\/div>\n\t\t\t\t<div class=\"elementor-element elementor-element-af61157 elementor-widget elementor-widget-text-editor\" data-id=\"af61157\" data-element_type=\"widget\" data-e-type=\"widget\" data-widget_type=\"text-editor.default\">\n\t\t\t\t<div class=\"elementor-widget-container\">\n\t\t\t\t\t\t\t\t\t<p>Ein Cookie ist eine kleine Datendatei, die von einer Website an Ihren Browser gesendet wird, wenn Sie die Website besuchen. Sie enth\u00e4lt Informationen, die der Website helfen, Ihren Browser zu erkennen, und kann verwendet werden, um Einstellungen zu speichern oder Ihre Aktivit\u00e4ten auf der Website zu verfolgen.<\/p>\n\t\t\t\t\t\t\t\t<\/div>\n\t\t\t\t<\/div>\n\t\t\t\t<div class=\"elementor-element elementor-element-5a84835 elementor-widget elementor-widget-heading\" data-id=\"5a84835\" data-element_type=\"widget\" data-e-type=\"widget\" data-widget_type=\"heading.default\">\n\t\t\t\t<div class=\"elementor-widget-container\">\n\t\t\t\t\t<h2 class=\"elementor-heading-title elementor-size-default\">Welche Cookies verwenden wir?<\/h2>\t\t\t\t<\/div>\n\t\t\t\t<\/div>\n\t\t\t\t<div class=\"elementor-element elementor-element-7d32d91 elementor-widget elementor-widget-text-editor\" data-id=\"7d32d91\" data-element_type=\"widget\" data-e-type=\"widget\" data-widget_type=\"text-editor.default\">\n\t\t\t\t<div class=\"elementor-widget-container\">\n\t\t\t\t\t\t\t\t\t<p>Wir verwenden auf unserer Website sowohl Sitzungscookies als auch dauerhafte Cookies. Session-Cookies werden nur vor\u00fcbergehend in Ihrem Browser gespeichert und werden gel\u00f6scht, wenn Sie den Browser schlie\u00dfen. Permanente Cookies werden f\u00fcr einen l\u00e4ngeren Zeitraum auf Ihrem Ger\u00e4t gespeichert und werden verwendet, um Sie wiederzuerkennen, wenn Sie auf unsere Website zur\u00fcckkehren.<\/p>\n<p>Wir verwenden auch Drittanbieter-Cookies von Google Analytics, um Informationen dar\u00fcber zu sammeln, wie unsere Website genutzt wird. Diese Informationen helfen uns, unsere Website und Ihr Benutzererlebnis zu verbessern.<\/p>\n\t\t\t\t\t\t\t\t<\/div>\n\t\t\t\t<\/div>\n\t\t\t\t<div class=\"elementor-element elementor-element-addbab1 elementor-widget elementor-widget-heading\" data-id=\"addbab1\" data-element_type=\"widget\" data-e-type=\"widget\" data-widget_type=\"heading.default\">\n\t\t\t\t<div class=\"elementor-widget-container\">\n\t\t\t\t\t<h2 class=\"elementor-heading-title elementor-size-default\">Wie kann ich meine Cookie-Einstellungen kontrollieren?<\/h2>\t\t\t\t<\/div>\n\t\t\t\t<\/div>\n\t\t\t\t<div class=\"elementor-element elementor-element-b86c6ed elementor-widget elementor-widget-text-editor\" data-id=\"b86c6ed\" data-element_type=\"widget\" data-e-type=\"widget\" data-widget_type=\"text-editor.default\">\n\t\t\t\t<div class=\"elementor-widget-container\">\n\t\t\t\t\t\t\t\t\t<p>Sie k\u00f6nnen Ihren Browser so einstellen, dass alle Cookies abgelehnt werden oder dass Sie gewarnt werden, wenn ein Cookie an Ihr Ger\u00e4t gesendet wird. Sie k\u00f6nnen auch bestehende Cookies aus Ihrem Browser l\u00f6schen. Bitte beachten Sie, dass, wenn Sie Cookies blockieren oder l\u00f6schen, dies Ihr Nutzererlebnis auf unserer Website beeintr\u00e4chtigen kann.<\/p>\n\t\t\t\t\t\t\t\t<\/div>\n\t\t\t\t<\/div>\n\t\t\t\t<div class=\"elementor-element elementor-element-8eb7db5 elementor-widget elementor-widget-heading\" data-id=\"8eb7db5\" data-element_type=\"widget\" data-e-type=\"widget\" data-widget_type=\"heading.default\">\n\t\t\t\t<div class=\"elementor-widget-container\">\n\t\t\t\t\t<h2 class=\"elementor-heading-title elementor-size-default\">Links zu anderen Websites\n<\/h2>\t\t\t\t<\/div>\n\t\t\t\t<\/div>\n\t\t\t\t<div class=\"elementor-element elementor-element-6b13315 elementor-widget elementor-widget-text-editor\" data-id=\"6b13315\" data-element_type=\"widget\" data-e-type=\"widget\" data-widget_type=\"text-editor.default\">\n\t\t\t\t<div class=\"elementor-widget-container\">\n\t\t\t\t\t\t\t\t\t<p>Unsere Website kann Links zu anderen Websites enthalten, auf die wir keinen Einfluss haben. Wir sind nicht daf\u00fcr verantwortlich, wie diese Websites mit Cookies umgehen und empfehlen Ihnen, deren Cookie-Richtlinien zu lesen.<\/p>\n\t\t\t\t\t\t\t\t<\/div>\n\t\t\t\t<\/div>\n\t\t\t\t<div class=\"elementor-element elementor-element-6fbc0ae elementor-widget elementor-widget-heading\" data-id=\"6fbc0ae\" data-element_type=\"widget\" data-e-type=\"widget\" data-widget_type=\"heading.default\">\n\t\t\t\t<div class=\"elementor-widget-container\">\n\t\t\t\t\t<h2 class=\"elementor-heading-title elementor-size-default\">\u00c4nderungen an unserer Datenschutzrichtlinie<\/h2>\t\t\t\t<\/div>\n\t\t\t\t<\/div>\n\t\t\t\t<div class=\"elementor-element elementor-element-b8848dd elementor-widget elementor-widget-text-editor\" data-id=\"b8848dd\" data-element_type=\"widget\" data-e-type=\"widget\" data-widget_type=\"text-editor.default\">\n\t\t\t\t<div class=\"elementor-widget-container\">\n\t\t\t\t\t\t\t\t\t<p>Wir behalten uns das Recht vor, diese Cookie-Richtlinie jederzeit zu \u00e4ndern. Wir empfehlen Ihnen, unsere Website regelm\u00e4\u00dfig zu besuchen, um sich \u00fcber eventuelle \u00c4nderungen auf dem Laufenden zu halten.<\/p>\n\t\t\t\t\t\t\t\t<\/div>\n\t\t\t\t<\/div>\n\t\t\t\t<div class=\"elementor-element elementor-element-ed54a07 elementor-widget elementor-widget-heading\" data-id=\"ed54a07\" data-element_type=\"widget\" data-e-type=\"widget\" data-widget_type=\"heading.default\">\n\t\t\t\t<div class=\"elementor-widget-container\">\n\t\t\t\t\t<h2 class=\"elementor-heading-title elementor-size-default\">Kontaktieren Sie uns unter<\/h2>\t\t\t\t<\/div>\n\t\t\t\t<\/div>\n\t\t\t\t<div class=\"elementor-element elementor-element-a511f1e elementor-widget elementor-widget-text-editor\" data-id=\"a511f1e\" data-element_type=\"widget\" data-e-type=\"widget\" data-widget_type=\"text-editor.default\">\n\t\t\t\t<div class=\"elementor-widget-container\">\n\t\t\t\t\t\t\t\t\t<p>Wenn Sie Fragen oder Anmerkungen zu unserer Cookie-Richtlinie haben, kontaktieren Sie uns bitte per E-Mail unter kontakt@alvsborgsevent.se.<\/p>\n<p><strong>Zuletzt aktualisiert:<\/strong> 2023-05-15<\/p>\n\t\t\t\t\t\t\t\t<\/div>\n\t\t\t\t<\/div>\n\t\t\t\t\t<\/div>\n\t\t\t\t<\/div>\n\t\t\t\t<\/div>\n\t\t","protected":false},"excerpt":{"rendered":"<p>Cookie-Richtlinie Wir verwenden Cookies auf unserer Website, um Ihr Benutzererlebnis zu verbessern. Wenn Sie unsere Website weiterhin nutzen, stimmen Sie der Verwendung von Cookies gem\u00e4\u00df dieser Cookie-Richtlinie zu. Was sind Cookies? Ein Cookie ist eine kleine Datendatei, die von einer Website an Ihren Browser gesendet wird, wenn Sie die Website besuchen. Sie enth\u00e4lt Informationen, die [&hellip;]<\/p>\n","protected":false},"author":1,"featured_media":0,"parent":0,"menu_order":0,"comment_status":"closed","ping_status":"closed","template":"","meta":{"footnotes":""},"class_list":["post-982","page","type-page","status-publish","hentry"],"_links":{"self":[{"href":"https:\/\/www.xn--lvsborgsfstning-zkbj.se\/de\/wp-json\/wp\/v2\/pages\/982","targetHints":{"allow":["GET"]}}],"collection":[{"href":"https:\/\/www.xn--lvsborgsfstning-zkbj.se\/de\/wp-json\/wp\/v2\/pages"}],"about":[{"href":"https:\/\/www.xn--lvsborgsfstning-zkbj.se\/de\/wp-json\/wp\/v2\/types\/page"}],"author":[{"embeddable":true,"href":"https:\/\/www.xn--lvsborgsfstning-zkbj.se\/de\/wp-json\/wp\/v2\/users\/1"}],"replies":[{"embeddable":true,"href":"https:\/\/www.xn--lvsborgsfstning-zkbj.se\/de\/wp-json\/wp\/v2\/comments?post=982"}],"version-history":[{"count":0,"href":"https:\/\/www.xn--lvsborgsfstning-zkbj.se\/de\/wp-json\/wp\/v2\/pages\/982\/revisions"}],"wp:attachment":[{"href":"https:\/\/www.xn--lvsborgsfstning-zkbj.se\/de\/wp-json\/wp\/v2\/media?parent=982"}],"curies":[{"name":"wp","href":"https:\/\/api.w.org\/{rel}","templated":true}]}}