{"id":1017,"date":"2024-05-27T14:48:14","date_gmt":"2024-05-27T12:48:14","guid":{"rendered":"https:\/\/alvsborgsfastning.webhorisont.se\/gastgebot\/"},"modified":"2024-08-09T15:55:18","modified_gmt":"2024-08-09T13:55:18","slug":"gastgebot","status":"publish","type":"page","link":"https:\/\/www.xn--lvsborgsfstning-zkbj.se\/de\/gastgebot\/","title":{"rendered":"Gastgebot"},"content":{"rendered":"\t\t<div data-elementor-type=\"wp-page\" data-elementor-id=\"1017\" class=\"elementor elementor-1017 elementor-480\" data-elementor-post-type=\"page\">\n\t\t\t\t<div class=\"elementor-element elementor-element-ebe90f2 e-flex e-con-boxed e-con e-parent\" data-id=\"ebe90f2\" data-element_type=\"container\" data-e-type=\"container\" data-settings=\"{&quot;background_background&quot;:&quot;classic&quot;}\">\n\t\t\t\t\t<div class=\"e-con-inner\">\n\t\t\t\t<div class=\"elementor-element elementor-element-acd1957 elementor-widget elementor-widget-heading\" data-id=\"acd1957\" data-element_type=\"widget\" data-e-type=\"widget\" data-widget_type=\"heading.default\">\n\t\t\t\t<div class=\"elementor-widget-container\">\n\t\t\t\t\t<h1 class=\"elementor-heading-title elementor-size-default\">G\u00e4stebankett in \u00c4lvsborgs F\u00e4stning<\/h1>\t\t\t\t<\/div>\n\t\t\t\t<\/div>\n\t\t\t\t<div class=\"elementor-element elementor-element-8b05240 elementor-view-default elementor-widget elementor-widget-icon\" data-id=\"8b05240\" data-element_type=\"widget\" data-e-type=\"widget\" data-widget_type=\"icon.default\">\n\t\t\t\t<div class=\"elementor-widget-container\">\n\t\t\t\t\t\t\t<div class=\"elementor-icon-wrapper\">\n\t\t\t<a class=\"elementor-icon\" href=\"#intro\">\n\t\t\t<svg aria-hidden=\"true\" class=\"e-font-icon-svg e-fas-chevron-down\" viewBox=\"0 0 448 512\" xmlns=\"http:\/\/www.w3.org\/2000\/svg\"><path d=\"M207.029 381.476L12.686 187.132c-9.373-9.373-9.373-24.569 0-33.941l22.667-22.667c9.357-9.357 24.522-9.375 33.901-.04L224 284.505l154.745-154.021c9.379-9.335 24.544-9.317 33.901.04l22.667 22.667c9.373 9.373 9.373 24.569 0 33.941L240.971 381.476c-9.373 9.372-24.569 9.372-33.942 0z\"><\/path><\/svg>\t\t\t<\/a>\n\t\t<\/div>\n\t\t\t\t\t\t<\/div>\n\t\t\t\t<\/div>\n\t\t\t\t\t<\/div>\n\t\t\t\t<\/div>\n\t\t<div class=\"elementor-element elementor-element-8311648 e-flex e-con-boxed e-con e-parent\" data-id=\"8311648\" data-element_type=\"container\" data-e-type=\"container\" id=\"intro\">\n\t\t\t\t\t<div class=\"e-con-inner\">\n\t\t\t\t<div class=\"elementor-element elementor-element-5a1588e elementor-widget elementor-widget-heading\" data-id=\"5a1588e\" data-element_type=\"widget\" data-e-type=\"widget\" data-widget_type=\"heading.default\">\n\t\t\t\t<div class=\"elementor-widget-container\">\n\t\t\t\t\t<h2 class=\"elementor-heading-title elementor-size-default\">Eine historische Erfahrung der Gastfreundschaft<\/h2>\t\t\t\t<\/div>\n\t\t\t\t<\/div>\n\t\t\t\t<div class=\"elementor-element elementor-element-bddfee4 elementor-widget elementor-widget-text-editor\" data-id=\"bddfee4\" data-element_type=\"widget\" data-e-type=\"widget\" data-widget_type=\"text-editor.default\">\n\t\t\t\t<div class=\"elementor-widget-container\">\n\t\t\t\t\t\t\t\t\t<p>Willkommen zu einem historischen G\u00e4steerlebnis in der Neuen Festung \u00c4lvsborg. Lassen Sie uns gemeinsam Erinnerungen schaffen und Freude in einer zeitgen\u00f6ssischen Atmosph\u00e4re mit einem von historischen Speisen inspirierten Men\u00fc feiern.<\/p>\n\t\t\t\t\t\t\t\t<\/div>\n\t\t\t\t<\/div>\n\t\t\t\t\t<\/div>\n\t\t\t\t<\/div>\n\t\t<div class=\"elementor-element elementor-element-a2795f2 e-flex e-con-boxed e-con e-parent\" data-id=\"a2795f2\" data-element_type=\"container\" data-e-type=\"container\" data-settings=\"{&quot;background_background&quot;:&quot;classic&quot;}\">\n\t\t\t\t\t<div class=\"e-con-inner\">\n\t\t<div class=\"elementor-element elementor-element-6794dc9 e-con-full e-flex e-con e-child\" data-id=\"6794dc9\" data-element_type=\"container\" data-e-type=\"container\">\n\t\t\t\t<div class=\"elementor-element elementor-element-67c57fb elementor-hidden-desktop elementor-hidden-tablet elementor-widget elementor-widget-image\" data-id=\"67c57fb\" data-element_type=\"widget\" data-e-type=\"widget\" data-widget_type=\"image.default\">\n\t\t\t\t<div class=\"elementor-widget-container\">\n\t\t\t\t\t\t\t\t\t\t\t\t\t\t\t<img fetchpriority=\"high\" decoding=\"async\" width=\"768\" height=\"511\" src=\"https:\/\/www.xn--lvsborgsfstning-zkbj.se\/wp-content\/uploads\/2024\/05\/lg_2_O1_A8553_Edit_kopiera_5e2d76b5c2-768x511.jpg\" class=\"attachment-medium_large size-medium_large wp-image-873\" alt=\"\" srcset=\"https:\/\/www.xn--lvsborgsfstning-zkbj.se\/wp-content\/uploads\/2024\/05\/lg_2_O1_A8553_Edit_kopiera_5e2d76b5c2-768x511.jpg 768w, https:\/\/www.xn--lvsborgsfstning-zkbj.se\/wp-content\/uploads\/2024\/05\/lg_2_O1_A8553_Edit_kopiera_5e2d76b5c2-300x200.jpg 300w, https:\/\/www.xn--lvsborgsfstning-zkbj.se\/wp-content\/uploads\/2024\/05\/lg_2_O1_A8553_Edit_kopiera_5e2d76b5c2.jpg 1000w\" sizes=\"(max-width: 768px) 100vw, 768px\" \/>\t\t\t\t\t\t\t\t\t\t\t\t\t\t\t<\/div>\n\t\t\t\t<\/div>\n\t\t\t\t<div class=\"elementor-element elementor-element-8a2b737 elementor-widget elementor-widget-heading\" data-id=\"8a2b737\" data-element_type=\"widget\" data-e-type=\"widget\" data-widget_type=\"heading.default\">\n\t\t\t\t<div class=\"elementor-widget-container\">\n\t\t\t\t\t<h2 class=\"elementor-heading-title elementor-size-default\">Buchen Sie Ihren Platz<\/h2>\t\t\t\t<\/div>\n\t\t\t\t<\/div>\n\t\t\t\t<div class=\"elementor-element elementor-element-cacc074 elementor-widget elementor-widget-text-editor\" data-id=\"cacc074\" data-element_type=\"widget\" data-e-type=\"widget\" data-widget_type=\"text-editor.default\">\n\t\t\t\t<div class=\"elementor-widget-container\">\n\t\t\t\t\t\t\t\t\t<p>Willkommen zu einem historischen G\u00e4steerlebnis in der Neuen Festung \u00c4lvsborg. Lassen Sie uns gemeinsam Erinnerungen schaffen und Freude in einer zeitgen\u00f6ssischen Atmosph\u00e4re mit einem von historischen Speisen inspirierten Men\u00fc feiern.<\/p>\n<p>\u00c4lvsborgs F\u00e4stning wird der Ort sein, an dem Sie in eine \u00c4ra der Geschichte und der Gastfreundschaft versetzt werden und wo jeder Moment eine Reise durch die Zeit ist.<\/p>\n\t\t\t\t\t\t\t\t<\/div>\n\t\t\t\t<\/div>\n\t\t\t\t<div class=\"elementor-element elementor-element-dcf35ce elementor-widget elementor-widget-heading\" data-id=\"dcf35ce\" data-element_type=\"widget\" data-e-type=\"widget\" data-widget_type=\"heading.default\">\n\t\t\t\t<div class=\"elementor-widget-container\">\n\t\t\t\t\t<h3 class=\"elementor-heading-title elementor-size-default\">Was ist enthalten?<\/h3>\t\t\t\t<\/div>\n\t\t\t\t<\/div>\n\t\t\t\t<div class=\"elementor-element elementor-element-3d4ed38 elementor-widget elementor-widget-text-editor\" data-id=\"3d4ed38\" data-element_type=\"widget\" data-e-type=\"widget\" data-widget_type=\"text-editor.default\">\n\t\t\t\t<div class=\"elementor-widget-container\">\n\t\t\t\t\t\t\t\t\t<ul>\n<li>Bootsfahrt Rundfahrt<\/li>\n<li>Gef\u00fchrte Tour<\/li>\n<li>Met bei der Ankunft<\/li>\n<li>Abendessen und Nachspeise<\/li>\n<li>Unterhaltung<\/li>\n<\/ul>\n\t\t\t\t\t\t\t\t<\/div>\n\t\t\t\t<\/div>\n\t\t\t\t<div class=\"elementor-element elementor-element-effa06f elementor-widget elementor-widget-text-editor\" data-id=\"effa06f\" data-element_type=\"widget\" data-e-type=\"widget\" data-widget_type=\"text-editor.default\">\n\t\t\t\t<div class=\"elementor-widget-container\">\n\t\t\t\t\t\t\t\t\t<p><strong>Men\u00fc f\u00fcr den Abend:<\/strong><\/p>\n<p>Karottensuppe als Vorspeise mit frisch gebackenem Brot &#8211; Eine warme und w\u00fcrzige Suppe, die den Ton f\u00fcr die Festlichkeiten des Abends angibt.<\/p>\n<p>Hauptgericht Rippchen, saftiges Huhn und Wurzelgem\u00fcse &#8211; ein \u00fcppiges Festmahl! Serviert mit k\u00f6stlichen So\u00dfen und pikanten Beilagen.<\/p>\n<p>Dessert Cheesecake mit Himbeeren &#8211; der cremige K\u00e4sekuchen trifft auf s\u00fc\u00dfe Himbeeren f\u00fcr einen perfekten Abschluss!<\/p>\n\t\t\t\t\t\t\t\t<\/div>\n\t\t\t\t<\/div>\n\t\t\t\t<div class=\"elementor-element elementor-element-0321016 elementor-widget elementor-widget-heading\" data-id=\"0321016\" data-element_type=\"widget\" data-e-type=\"widget\" data-widget_type=\"heading.default\">\n\t\t\t\t<div class=\"elementor-widget-container\">\n\t\t\t\t\t<h3 class=\"elementor-heading-title elementor-size-default\">Touristen<\/h3>\t\t\t\t<\/div>\n\t\t\t\t<\/div>\n\t\t\t\t<div class=\"elementor-element elementor-element-6379b7f elementor-widget elementor-widget-text-editor\" data-id=\"6379b7f\" data-element_type=\"widget\" data-e-type=\"widget\" data-widget_type=\"text-editor.default\">\n\t\t\t\t<div class=\"elementor-widget-container\">\n\t\t\t\t\t\t\t\t\t<ul>\n<li>Abfahrt von der Anlegestelle des Dampfschiffs Klippan <strong>18:00<\/strong><\/li>\n<li>Die erste R\u00fcckfahrt ist um <strong>21:30<\/strong> Uhr <em>(Ankunft im Hafen um 22:00 Uhr)<\/em><\/li>\n<li>Die zweite Fahrt nach Hause beginnt um <strong>22:30<\/strong> Uhr <em>(im Hafen um 23:00 Uhr)<\/em><\/li>\n<\/ul>\n\t\t\t\t\t\t\t\t<\/div>\n\t\t\t\t<\/div>\n\t\t\t\t<div class=\"elementor-element elementor-element-cf0f7a4 elementor-widget elementor-widget-heading\" data-id=\"cf0f7a4\" data-element_type=\"widget\" data-e-type=\"widget\" data-widget_type=\"heading.default\">\n\t\t\t\t<div class=\"elementor-widget-container\">\n\t\t\t\t\t<h3 class=\"elementor-heading-title elementor-size-default\">Preis<\/h3>\t\t\t\t<\/div>\n\t\t\t\t<\/div>\n\t\t\t\t<div class=\"elementor-element elementor-element-139432d elementor-widget elementor-widget-text-editor\" data-id=\"139432d\" data-element_type=\"widget\" data-e-type=\"widget\" data-widget_type=\"text-editor.default\">\n\t\t\t\t<div class=\"elementor-widget-container\">\n\t\t\t\t\t\t\t\t\t<div class=\"sc-eAzDjm sc-iBTzgk dpRyuQ KHCYU\">\n<p><strong>Preis pro Person: 995:-<\/strong><\/p>\n<\/div>\n\t\t\t\t\t\t\t\t<\/div>\n\t\t\t\t<\/div>\n\t\t\t\t<div class=\"elementor-element elementor-element-f9db68f elementor-widget elementor-widget-button\" data-id=\"f9db68f\" data-element_type=\"widget\" data-e-type=\"widget\" data-widget_type=\"button.default\">\n\t\t\t\t<div class=\"elementor-widget-container\">\n\t\t\t\t\t\t\t\t\t<div class=\"elementor-button-wrapper\">\n\t\t\t\t\t<a class=\"elementor-button elementor-button-link elementor-size-sm\" href=\"https:\/\/event.alvsborgfortress.com\/sv\/upplevelse\/1\/gastabud-pa-alvsborgs-fastning\" target=\"_blank\" rel=\"noopener\">\n\t\t\t\t\t\t<span class=\"elementor-button-content-wrapper\">\n\t\t\t\t\t\t<span class=\"elementor-button-icon\">\n\t\t\t\t<svg aria-hidden=\"true\" class=\"e-font-icon-svg e-fas-long-arrow-alt-right\" viewBox=\"0 0 448 512\" xmlns=\"http:\/\/www.w3.org\/2000\/svg\"><path d=\"M313.941 216H12c-6.627 0-12 5.373-12 12v56c0 6.627 5.373 12 12 12h301.941v46.059c0 21.382 25.851 32.09 40.971 16.971l86.059-86.059c9.373-9.373 9.373-24.569 0-33.941l-86.059-86.059c-15.119-15.119-40.971-4.411-40.971 16.971V216z\"><\/path><\/svg>\t\t\t<\/span>\n\t\t\t\t\t\t\t\t\t<span class=\"elementor-button-text\">Siehe Termine und buchen Sie einen Tisch<\/span>\n\t\t\t\t\t<\/span>\n\t\t\t\t\t<\/a>\n\t\t\t\t<\/div>\n\t\t\t\t\t\t\t\t<\/div>\n\t\t\t\t<\/div>\n\t\t\t\t<\/div>\n\t\t<div class=\"elementor-element elementor-element-52b3112 e-con-full elementor-hidden-mobile e-flex e-con e-child\" data-id=\"52b3112\" data-element_type=\"container\" data-e-type=\"container\" data-settings=\"{&quot;background_background&quot;:&quot;classic&quot;}\">\n\t\t\t\t<\/div>\n\t\t\t\t\t<\/div>\n\t\t\t\t<\/div>\n\t\t<div class=\"elementor-element elementor-element-b8f1dca e-flex e-con-boxed e-con e-parent\" data-id=\"b8f1dca\" data-element_type=\"container\" data-e-type=\"container\" data-settings=\"{&quot;background_background&quot;:&quot;classic&quot;}\">\n\t\t\t\t\t<div class=\"e-con-inner\">\n\t\t<div class=\"elementor-element elementor-element-4a613dd e-con-full e-flex e-con e-child\" data-id=\"4a613dd\" data-element_type=\"container\" data-e-type=\"container\">\n\t\t\t\t<div class=\"elementor-element elementor-element-fc686c1 elementor-widget elementor-widget-image\" data-id=\"fc686c1\" data-element_type=\"widget\" data-e-type=\"widget\" data-widget_type=\"image.default\">\n\t\t\t\t<div class=\"elementor-widget-container\">\n\t\t\t\t\t\t\t\t\t\t\t\t\t\t\t\t<a href=\"https:\/\/www.sfv.se\/\" target=\"_blank\" rel=\"noopener\">\n\t\t\t\t\t\t\t<img decoding=\"async\" width=\"47\" height=\"11\" src=\"https:\/\/www.xn--lvsborgsfstning-zkbj.se\/wp-content\/uploads\/2024\/05\/sfv.svg\" class=\"attachment-large size-large wp-image-885\" alt=\"\" \/>\t\t\t\t\t\t\t\t<\/a>\n\t\t\t\t\t\t\t\t\t\t\t\t\t\t\t<\/div>\n\t\t\t\t<\/div>\n\t\t\t\t<\/div>\n\t\t<div class=\"elementor-element elementor-element-b15d8a0 e-con-full e-flex e-con e-child\" data-id=\"b15d8a0\" data-element_type=\"container\" data-e-type=\"container\">\n\t\t\t\t<div class=\"elementor-element elementor-element-6536ec5 elementor-widget elementor-widget-image\" data-id=\"6536ec5\" data-element_type=\"widget\" data-e-type=\"widget\" data-widget_type=\"image.default\">\n\t\t\t\t<div class=\"elementor-widget-container\">\n\t\t\t\t\t\t\t\t\t\t\t\t\t\t\t\t<a href=\"https:\/\/www.tripadvisor.se\/Attraction_Review-g189894-d242789-Reviews-Alvsborgs_Nya_Fastning-Gothenburg_Vastra_Gotaland_County_West_Coast.html\" target=\"_blank\" rel=\"noopener\">\n\t\t\t\t\t\t\t<img decoding=\"async\" width=\"51\" height=\"11\" src=\"https:\/\/www.xn--lvsborgsfstning-zkbj.se\/wp-content\/uploads\/2024\/05\/tripadvisor.svg\" class=\"attachment-large size-large wp-image-883\" alt=\"\" \/>\t\t\t\t\t\t\t\t<\/a>\n\t\t\t\t\t\t\t\t\t\t\t\t\t\t\t<\/div>\n\t\t\t\t<\/div>\n\t\t\t\t<\/div>\n\t\t\t\t\t<\/div>\n\t\t\t\t<\/div>\n\t\t\t\t<\/div>\n\t\t","protected":false},"excerpt":{"rendered":"<p>G\u00e4stebankett in \u00c4lvsborgs F\u00e4stning Eine historische Erfahrung der Gastfreundschaft Willkommen zu einem historischen G\u00e4steerlebnis in der Neuen Festung \u00c4lvsborg. Lassen Sie uns gemeinsam Erinnerungen schaffen und Freude in einer zeitgen\u00f6ssischen Atmosph\u00e4re mit einem von historischen Speisen inspirierten Men\u00fc feiern. Buchen Sie Ihren Platz Willkommen zu einem historischen G\u00e4steerlebnis in der Neuen Festung \u00c4lvsborg. Lassen Sie [&hellip;]<\/p>\n","protected":false},"author":1,"featured_media":0,"parent":0,"menu_order":0,"comment_status":"closed","ping_status":"closed","template":"","meta":{"footnotes":""},"class_list":["post-1017","page","type-page","status-publish","hentry"],"_links":{"self":[{"href":"https:\/\/www.xn--lvsborgsfstning-zkbj.se\/de\/wp-json\/wp\/v2\/pages\/1017","targetHints":{"allow":["GET"]}}],"collection":[{"href":"https:\/\/www.xn--lvsborgsfstning-zkbj.se\/de\/wp-json\/wp\/v2\/pages"}],"about":[{"href":"https:\/\/www.xn--lvsborgsfstning-zkbj.se\/de\/wp-json\/wp\/v2\/types\/page"}],"author":[{"embeddable":true,"href":"https:\/\/www.xn--lvsborgsfstning-zkbj.se\/de\/wp-json\/wp\/v2\/users\/1"}],"replies":[{"embeddable":true,"href":"https:\/\/www.xn--lvsborgsfstning-zkbj.se\/de\/wp-json\/wp\/v2\/comments?post=1017"}],"version-history":[{"count":0,"href":"https:\/\/www.xn--lvsborgsfstning-zkbj.se\/de\/wp-json\/wp\/v2\/pages\/1017\/revisions"}],"wp:attachment":[{"href":"https:\/\/www.xn--lvsborgsfstning-zkbj.se\/de\/wp-json\/wp\/v2\/media?parent=1017"}],"curies":[{"name":"wp","href":"https:\/\/api.w.org\/{rel}","templated":true}]}}