{"id":1004,"date":"2024-06-07T15:23:44","date_gmt":"2024-06-07T13:23:44","guid":{"rendered":"https:\/\/alvsborgsfastning.webhorisont.se\/klassische-fuehrung\/"},"modified":"2024-06-12T16:30:29","modified_gmt":"2024-06-12T14:30:29","slug":"klassische-fuehrung","status":"publish","type":"page","link":"https:\/\/www.xn--lvsborgsfstning-zkbj.se\/de\/klassische-fuehrung\/","title":{"rendered":"Klassische F\u00fchrung"},"content":{"rendered":"\t\t<div data-elementor-type=\"wp-page\" data-elementor-id=\"1004\" class=\"elementor elementor-1004 elementor-774\" data-elementor-post-type=\"page\">\n\t\t\t\t<div class=\"elementor-element elementor-element-7657cee e-flex e-con-boxed e-con e-parent\" data-id=\"7657cee\" data-element_type=\"container\" data-e-type=\"container\" data-settings=\"{&quot;background_background&quot;:&quot;classic&quot;}\">\n\t\t\t\t\t<div class=\"e-con-inner\">\n\t\t\t\t<div class=\"elementor-element elementor-element-a48c011 elementor-widget elementor-widget-heading\" data-id=\"a48c011\" data-element_type=\"widget\" data-e-type=\"widget\" data-widget_type=\"heading.default\">\n\t\t\t\t<div class=\"elementor-widget-container\">\n\t\t\t\t\t<h1 class=\"elementor-heading-title elementor-size-default\">Klassische F\u00fchrung durch die Neue Festung \u00c4lvsborg<\/h1>\t\t\t\t<\/div>\n\t\t\t\t<\/div>\n\t\t\t\t<div class=\"elementor-element elementor-element-35a7edc elementor-view-default elementor-widget elementor-widget-icon\" data-id=\"35a7edc\" data-element_type=\"widget\" data-e-type=\"widget\" data-widget_type=\"icon.default\">\n\t\t\t\t<div class=\"elementor-widget-container\">\n\t\t\t\t\t\t\t<div class=\"elementor-icon-wrapper\">\n\t\t\t<a class=\"elementor-icon\" href=\"#intro\">\n\t\t\t<svg aria-hidden=\"true\" class=\"e-font-icon-svg e-fas-chevron-down\" viewBox=\"0 0 448 512\" xmlns=\"http:\/\/www.w3.org\/2000\/svg\"><path d=\"M207.029 381.476L12.686 187.132c-9.373-9.373-9.373-24.569 0-33.941l22.667-22.667c9.357-9.357 24.522-9.375 33.901-.04L224 284.505l154.745-154.021c9.379-9.335 24.544-9.317 33.901.04l22.667 22.667c9.373 9.373 9.373 24.569 0 33.941L240.971 381.476c-9.373 9.372-24.569 9.372-33.942 0z\"><\/path><\/svg>\t\t\t<\/a>\n\t\t<\/div>\n\t\t\t\t\t\t<\/div>\n\t\t\t\t<\/div>\n\t\t\t\t\t<\/div>\n\t\t\t\t<\/div>\n\t\t<div class=\"elementor-element elementor-element-ac191ee e-flex e-con-boxed e-con e-parent\" data-id=\"ac191ee\" data-element_type=\"container\" data-e-type=\"container\" id=\"intro\">\n\t\t\t\t\t<div class=\"e-con-inner\">\n\t\t\t\t<div class=\"elementor-element elementor-element-8b000cd elementor-widget elementor-widget-heading\" data-id=\"8b000cd\" data-element_type=\"widget\" data-e-type=\"widget\" data-widget_type=\"heading.default\">\n\t\t\t\t<div class=\"elementor-widget-container\">\n\t\t\t\t\t<h2 class=\"elementor-heading-title elementor-size-default\">Klassische F\u00fchrung\n<\/h2>\t\t\t\t<\/div>\n\t\t\t\t<\/div>\n\t\t\t\t<div class=\"elementor-element elementor-element-583168f elementor-widget elementor-widget-text-editor\" data-id=\"583168f\" data-element_type=\"widget\" data-e-type=\"widget\" data-widget_type=\"text-editor.default\">\n\t\t\t\t<div class=\"elementor-widget-container\">\n\t\t\t\t\t\t\t\t\t<div class=\"sc-gxYJeL dhCSRV sc-bINddF hkubJu\">\n<div class=\"sc-kPTPQs deeLLp\">\n<div class=\"sc-dzIIgs iqLZGe\">\n<p class=\"sc-ipBWOJ gdvzZL\">Klassische Besichtigung der Festung.<\/p>\n<\/div>\n<\/div>\n<\/div>\n\t\t\t\t\t\t\t\t<\/div>\n\t\t\t\t<\/div>\n\t\t\t\t\t<\/div>\n\t\t\t\t<\/div>\n\t\t<div class=\"elementor-element elementor-element-c0bdb73 e-flex e-con-boxed e-con e-parent\" data-id=\"c0bdb73\" data-element_type=\"container\" data-e-type=\"container\" data-settings=\"{&quot;background_background&quot;:&quot;classic&quot;}\">\n\t\t\t\t\t<div class=\"e-con-inner\">\n\t\t<div class=\"elementor-element elementor-element-feb59e7 e-con-full e-flex e-con e-child\" data-id=\"feb59e7\" data-element_type=\"container\" data-e-type=\"container\">\n\t\t\t\t<div class=\"elementor-element elementor-element-48d362e elementor-widget elementor-widget-heading\" data-id=\"48d362e\" data-element_type=\"widget\" data-e-type=\"widget\" data-widget_type=\"heading.default\">\n\t\t\t\t<div class=\"elementor-widget-container\">\n\t\t\t\t\t<h2 class=\"elementor-heading-title elementor-size-default\">Buchen Sie Ihren Platz\n<\/h2>\t\t\t\t<\/div>\n\t\t\t\t<\/div>\n\t\t\t\t<div class=\"elementor-element elementor-element-57a9f3c elementor-widget elementor-widget-text-editor\" data-id=\"57a9f3c\" data-element_type=\"widget\" data-e-type=\"widget\" data-widget_type=\"text-editor.default\">\n\t\t\t\t<div class=\"elementor-widget-container\">\n\t\t\t\t\t\t\t\t\t<p>Klassische Besichtigung der Festung. Entdecken Sie die Geschichte mit unserer klassischen F\u00fchrung durch die Festung \u00c4lvsborg.<\/p>\n<p>Erkunden Sie Verliese, wandern Sie durch die Alte Kirche und lassen Sie unsere sachkundigen F\u00fchrer die Vergangenheit zum Leben erwecken. Ein einzigartiges Erlebnis, das Sie auf eine Reise durch die Jahrhunderte mitnimmt. Seien Sie herzlich willkommen zu dieser spannenden Reise in die Vergangenheit!<\/p>\n<p>Die Tour dauert etwa 45 Minuten.<\/p>\n<p>Die Tour kostet 3500:- f\u00fcr maximal 40 Personen. Wenn Sie mehr als eine Person sind, kostet ein weiterer F\u00fchrer 3500 SEK extra.<\/p>\n<p>Kanonensalut kann gegen einen Betrag hinzugef\u00fcgt werden. Schwedisches L\u00f6segeld mit kleineren Kanonen 3500:- Gro\u00dfe Kanone, ein Schuss 5000:-<\/p>\n<p>Wenn die F\u00fchrung auf Englisch stattfindet, fallen zus\u00e4tzliche Kosten von 400<\/p>\n<p>F\u00fcr Buchungen und weitere Informationen mailen Sie <a href=\"mailto:kontakt@alvsborgsevent.se\">kontakt@alvsborgsevent.se<\/a><\/p>\n\t\t\t\t\t\t\t\t<\/div>\n\t\t\t\t<\/div>\n\t\t\t\t<\/div>\n\t\t<div class=\"elementor-element elementor-element-6fa903f e-con-full e-flex e-con e-child\" data-id=\"6fa903f\" data-element_type=\"container\" data-e-type=\"container\" data-settings=\"{&quot;background_background&quot;:&quot;classic&quot;}\">\n\t\t\t\t<div class=\"elementor-element elementor-element-661cf79 elementor-widget elementor-widget-image\" data-id=\"661cf79\" data-element_type=\"widget\" data-e-type=\"widget\" data-widget_type=\"image.default\">\n\t\t\t\t<div class=\"elementor-widget-container\">\n\t\t\t\t\t\t\t\t\t\t\t\t\t\t\t<img fetchpriority=\"high\" decoding=\"async\" width=\"800\" height=\"534\" src=\"https:\/\/www.xn--lvsborgsfstning-zkbj.se\/wp-content\/uploads\/2024\/06\/xl_347003773_803926107829592_8635201445983639779_n_6da9dfc122-1024x683.jpg\" class=\"attachment-large size-large wp-image-921\" alt=\"\" srcset=\"https:\/\/www.xn--lvsborgsfstning-zkbj.se\/wp-content\/uploads\/2024\/06\/xl_347003773_803926107829592_8635201445983639779_n_6da9dfc122-1024x683.jpg 1024w, https:\/\/www.xn--lvsborgsfstning-zkbj.se\/wp-content\/uploads\/2024\/06\/xl_347003773_803926107829592_8635201445983639779_n_6da9dfc122-300x200.jpg 300w, https:\/\/www.xn--lvsborgsfstning-zkbj.se\/wp-content\/uploads\/2024\/06\/xl_347003773_803926107829592_8635201445983639779_n_6da9dfc122-768x512.jpg 768w, https:\/\/www.xn--lvsborgsfstning-zkbj.se\/wp-content\/uploads\/2024\/06\/xl_347003773_803926107829592_8635201445983639779_n_6da9dfc122-1536x1025.jpg 1536w, https:\/\/www.xn--lvsborgsfstning-zkbj.se\/wp-content\/uploads\/2024\/06\/xl_347003773_803926107829592_8635201445983639779_n_6da9dfc122.jpg 1920w\" sizes=\"(max-width: 800px) 100vw, 800px\" \/>\t\t\t\t\t\t\t\t\t\t\t\t\t\t\t<\/div>\n\t\t\t\t<\/div>\n\t\t\t\t<\/div>\n\t\t\t\t\t<\/div>\n\t\t\t\t<\/div>\n\t\t<div class=\"elementor-element elementor-element-72238c0 e-flex e-con-boxed e-con e-parent\" data-id=\"72238c0\" data-element_type=\"container\" data-e-type=\"container\">\n\t\t\t\t\t<div class=\"e-con-inner\">\n\t\t<div class=\"elementor-element elementor-element-cf1b2da e-con-full e-flex e-con e-child\" data-id=\"cf1b2da\" data-element_type=\"container\" data-e-type=\"container\">\n\t\t\t\t<div class=\"elementor-element elementor-element-9cc69c4 elementor-widget elementor-widget-image\" data-id=\"9cc69c4\" data-element_type=\"widget\" data-e-type=\"widget\" data-widget_type=\"image.default\">\n\t\t\t\t<div class=\"elementor-widget-container\">\n\t\t\t\t\t\t\t\t\t\t\t\t\t\t\t\t<a href=\"https:\/\/www.sfv.se\/\" target=\"_blank\" rel=\"noopener\">\n\t\t\t\t\t\t\t<img decoding=\"async\" width=\"47\" height=\"11\" src=\"https:\/\/www.xn--lvsborgsfstning-zkbj.se\/wp-content\/uploads\/2024\/05\/sfv.svg\" class=\"attachment-large size-large wp-image-885\" alt=\"\" \/>\t\t\t\t\t\t\t\t<\/a>\n\t\t\t\t\t\t\t\t\t\t\t\t\t\t\t<\/div>\n\t\t\t\t<\/div>\n\t\t\t\t<\/div>\n\t\t<div class=\"elementor-element elementor-element-6ae9ce7 e-con-full e-flex e-con e-child\" data-id=\"6ae9ce7\" data-element_type=\"container\" data-e-type=\"container\">\n\t\t\t\t<div class=\"elementor-element elementor-element-90cbeac elementor-widget elementor-widget-image\" data-id=\"90cbeac\" data-element_type=\"widget\" data-e-type=\"widget\" data-widget_type=\"image.default\">\n\t\t\t\t<div class=\"elementor-widget-container\">\n\t\t\t\t\t\t\t\t\t\t\t\t\t\t\t\t<a href=\"https:\/\/www.tripadvisor.se\/Attraction_Review-g189894-d242789-Reviews-Alvsborgs_Nya_Fastning-Gothenburg_Vastra_Gotaland_County_West_Coast.html\" target=\"_blank\" rel=\"noopener\">\n\t\t\t\t\t\t\t<img decoding=\"async\" width=\"51\" height=\"11\" src=\"https:\/\/www.xn--lvsborgsfstning-zkbj.se\/wp-content\/uploads\/2024\/05\/tripadvisor.svg\" class=\"attachment-large size-large wp-image-883\" alt=\"\" \/>\t\t\t\t\t\t\t\t<\/a>\n\t\t\t\t\t\t\t\t\t\t\t\t\t\t\t<\/div>\n\t\t\t\t<\/div>\n\t\t\t\t<\/div>\n\t\t\t\t\t<\/div>\n\t\t\t\t<\/div>\n\t\t\t\t<\/div>\n\t\t","protected":false},"excerpt":{"rendered":"<p>Klassische F\u00fchrung durch die Neue Festung \u00c4lvsborg Klassische F\u00fchrung Klassische Besichtigung der Festung. Buchen Sie Ihren Platz Klassische Besichtigung der Festung. Entdecken Sie die Geschichte mit unserer klassischen F\u00fchrung durch die Festung \u00c4lvsborg. Erkunden Sie Verliese, wandern Sie durch die Alte Kirche und lassen Sie unsere sachkundigen F\u00fchrer die Vergangenheit zum Leben erwecken. Ein einzigartiges [&hellip;]<\/p>\n","protected":false},"author":1,"featured_media":0,"parent":0,"menu_order":0,"comment_status":"closed","ping_status":"closed","template":"","meta":{"footnotes":""},"class_list":["post-1004","page","type-page","status-publish","hentry"],"_links":{"self":[{"href":"https:\/\/www.xn--lvsborgsfstning-zkbj.se\/de\/wp-json\/wp\/v2\/pages\/1004","targetHints":{"allow":["GET"]}}],"collection":[{"href":"https:\/\/www.xn--lvsborgsfstning-zkbj.se\/de\/wp-json\/wp\/v2\/pages"}],"about":[{"href":"https:\/\/www.xn--lvsborgsfstning-zkbj.se\/de\/wp-json\/wp\/v2\/types\/page"}],"author":[{"embeddable":true,"href":"https:\/\/www.xn--lvsborgsfstning-zkbj.se\/de\/wp-json\/wp\/v2\/users\/1"}],"replies":[{"embeddable":true,"href":"https:\/\/www.xn--lvsborgsfstning-zkbj.se\/de\/wp-json\/wp\/v2\/comments?post=1004"}],"version-history":[{"count":0,"href":"https:\/\/www.xn--lvsborgsfstning-zkbj.se\/de\/wp-json\/wp\/v2\/pages\/1004\/revisions"}],"wp:attachment":[{"href":"https:\/\/www.xn--lvsborgsfstning-zkbj.se\/de\/wp-json\/wp\/v2\/media?parent=1004"}],"curies":[{"name":"wp","href":"https:\/\/api.w.org\/{rel}","templated":true}]}}